{"id":6147,"date":"2009-12-18T15:57:01","date_gmt":"2009-12-18T19:57:01","guid":{"rendered":"http:\/\/fryeblog.blog.lib.mcmaster.ca\/?page_id=6147"},"modified":"2016-04-02T19:51:20","modified_gmt":"2016-04-02T19:51:20","slug":"library","status":"publish","type":"page","link":"https:\/\/macblog.mcmaster.ca\/fryeblog\/library\/","title":{"rendered":"The Robert D. Denham Library"},"content":{"rendered":"<p><strong>Please note that both the Robert D. Denham Library and our journal are currently being converted to PDF format, a project we hope to complete soon.<\/strong><\/p>\n<p><strong>In the meantime, all articles posted here can be converted by you into downloaded PDF documents. See that \u201cMake a PDF\u201d link above? You\u2019ll find that same link just below the title of all the documents posted here. (Here&#8217;s an <a href=\"http:\/\/fryeblog.blog.lib.mcmaster.ca\/?page_id=11019\" target=\"_blank\">example<\/a>.) Hit that link and you\u2019ll get a printable version of the article; you can then hit the PDF icon at the top of the page, and you\u2019ll be presented with a downloadable, paginated and searchable PDF version of the text. Save it, and it&#8217;s yours to work with.<\/strong><\/p>\n<p><strong>Some of the documents here are already posted in PDF, such as the archive for the\u00a0<em>Frye Newsletter <\/em>immediately below, as well as the collection of reviews of various Frye works. <\/strong><\/p>\n<p style=\"text-align: center\"><strong>*<\/strong><\/p>\n<p><strong>Northrop Frye Newsletter (Each issue in PDF format)<\/strong><\/p>\n<ul>\n<li><a href=\"http:\/\/macblog.mcmaster.ca\/fryeblog\/wp-content\/uploads\/sites\/4\/2010\/03\/Newsletter-Archive-Prologue-and-List-of-Contents.pdf\">Volume Newsletter Archive Prologue and List of Contents<\/a> (pdf)<\/li>\n<li><a href=\"http:\/\/macblog.mcmaster.ca\/fryeblog\/wp-content\/uploads\/sites\/4\/2010\/03\/1.1.pdf\">Volume 1 Number 1 (Fall 1988)<\/a> (pdf)<\/li>\n<li><a href=\"http:\/\/macblog.mcmaster.ca\/fryeblog\/wp-content\/uploads\/sites\/4\/2010\/03\/1.2.pdf\">Volume 1 Number 2 (Spring 1989)<\/a> (pdf)<\/li>\n<li><a href=\"http:\/\/macblog.mcmaster.ca\/fryeblog\/wp-content\/uploads\/sites\/4\/2010\/03\/2.1.pdf\">Volume 2 Number 1 (Winter 1989-90)<\/a> (pdf)<\/li>\n<li><a href=\"http:\/\/macblog.mcmaster.ca\/fryeblog\/wp-content\/uploads\/sites\/4\/2010\/03\/2.2.pdf\">Volume 2 Number 2 (Summer 1990)<\/a> (pdf)<\/li>\n<li><a href=\"http:\/\/macblog.mcmaster.ca\/fryeblog\/wp-content\/uploads\/sites\/4\/2010\/03\/3.1.pdf\">Volume 3 Number 1 (Winter 1990-91)<\/a> (pdf)<\/li>\n<li><a href=\"http:\/\/macblog.mcmaster.ca\/fryeblog\/wp-content\/uploads\/sites\/4\/2010\/03\/3.2.pdf\">Volume 3 Number 2 (Spring 1991)<\/a> (pdf)<\/li>\n<li><a href=\"http:\/\/macblog.mcmaster.ca\/fryeblog\/wp-content\/uploads\/sites\/4\/2010\/03\/4.1.pdf\">Volume 4 Number 1 (Winter 1991-92)<\/a> (pdf)<\/li>\n<li><a href=\"http:\/\/macblog.mcmaster.ca\/fryeblog\/wp-content\/uploads\/sites\/4\/2010\/03\/4.2.pdf\">Volume 4 Number 2 (Summer 1992)<\/a> (pdf)<\/li>\n<li><a href=\"http:\/\/macblog.mcmaster.ca\/fryeblog\/wp-content\/uploads\/sites\/4\/2010\/03\/5.1.pdf\">Volume 5 Number 1 (Winter 1992-93)<\/a> (pdf)<\/li>\n<li><a href=\"http:\/\/macblog.mcmaster.ca\/fryeblog\/wp-content\/uploads\/sites\/4\/2010\/03\/5.2.pdf\">Volume 5 Number 2 (Summer 1993)<\/a> (pdf)<\/li>\n<li><a href=\"http:\/\/macblog.mcmaster.ca\/fryeblog\/wp-content\/uploads\/sites\/4\/2010\/03\/6.1.pdf\">Volume 6 Number 1 (Fall 1994)<\/a> (pdf)<\/li>\n<li><a href=\"http:\/\/macblog.mcmaster.ca\/fryeblog\/wp-content\/uploads\/sites\/4\/2010\/03\/6.21.pdf\">Volume 6 Number 2 (Fall 1995)<\/a> (pdf)<\/li>\n<li><a href=\"http:\/\/macblog.mcmaster.ca\/fryeblog\/wp-content\/uploads\/sites\/4\/2010\/03\/7.1.pdf\">Volume 7 Number 1 (Fall 1996)<\/a> (pdf)<\/li>\n<li><a href=\"http:\/\/macblog.mcmaster.ca\/fryeblog\/wp-content\/uploads\/sites\/4\/2010\/03\/7.21.pdf\">Volume 7 Number 2 (Summer 1997)<\/a> (pdf)<\/li>\n<li><a href=\"http:\/\/macblog.mcmaster.ca\/fryeblog\/wp-content\/uploads\/sites\/4\/2010\/03\/8.12.pdf\">Volume 8 Number 1 (Summer 1999)<\/a> (pdf)<\/li>\n<li><a href=\"http:\/\/macblog.mcmaster.ca\/fryeblog\/wp-content\/uploads\/sites\/4\/2010\/03\/8.2.pdf\">Volume 8 Number 2 (Fall 2000)<\/a> (pdf)<\/li>\n<li><a href=\"http:\/\/macblog.mcmaster.ca\/fryeblog\/wp-content\/uploads\/sites\/4\/2010\/03\/9.1.pdf\">Volume 9 Number 1 (Winter 2001-02)<\/a> (pdf)<\/li>\n<li><a href=\"http:\/\/macblog.mcmaster.ca\/fryeblog\/wp-content\/uploads\/sites\/4\/2010\/03\/9.2.pdf\">Volume 9 Number 2 (2002)<\/a> (pdf)<\/li>\n<li><a href=\"http:\/\/macblog.mcmaster.ca\/fryeblog\/wp-content\/uploads\/sites\/4\/2010\/03\/10.Final-Issue.pdf\">Volume 10 (Final Issue)<\/a> (pdf)<\/li>\n<\/ul>\n<p><strong>Books Posted Online<\/strong><\/p>\n<ul>\n<li><a href=\"http:\/\/fryeblog.blog.lib.mcmaster.ca\/denhams-essays-on-northrop-frye\/\" target=\"_blank\">Essays on Northrop Frye<\/a> (2011) Robert D. Denham (pdf)<\/li>\n<li><a href=\"http:\/\/fryeblog.blog.lib.mcmaster.ca\/critical-method\/preface.html\" target=\"_blank\">Northrop Frye and Critical Method<\/a> (1978) Robert D. Denham<\/li>\n<li><a href=\"http:\/\/www.beaugrande.com\/critiical_discourse.htm\" target=\"_blank\">Critical Discourse: A Survey of Contemporary Literary Theorists<\/a> (1988) Robert de Beaugrande (his chapter on Frye is <a href=\"http:\/\/www.beaugrande.com\/CRITBOOKFRYE.htm\" target=\"_blank\">here<\/a>.)<\/li>\n<\/ul>\n<p><strong>Previously Unpublished Material <\/strong><\/p>\n<ul>\n<li><a href=\"http:\/\/fryeblog.blog.lib.mcmaster.ca\/elizabeth-frasers-correspondence-to-frye-1936-37\/\" target=\"_blank\">Elizabeth Fraser&#8217;s Correspondence to Frye, 1936-37<\/a> (posted 25 December 2009)<\/li>\n<li><a href=\"http:\/\/fryeblog.blog.lib.mcmaster.ca\/?page_id=11019\" target=\"_blank\">Two Previously Unpublished Letters from Frye to Helen Kemp, 1940<\/a>, compiled by Bob Denham (posted 3 May 2010)<\/li>\n<li><a href=\"http:\/\/fryeblog.blog.lib.mcmaster.ca\/frye-welch-correspondence\/\" target=\"_blank\">Frye-Welch Correspondence, 1968-1970<\/a>, compiled by Bob Denham (posted 20 September 2010)<\/li>\n<\/ul>\n<p><strong>Reviews of Northrop Frye&#8217;s Books<\/strong><\/p>\n<ul>\n<li><a href=\"http:\/\/macblog.mcmaster.ca\/fryeblog\/wp-content\/uploads\/sites\/4\/2010\/04\/Headnote.pdf\">Head Note (pdf)<\/a><\/li>\n<li><a href=\"http:\/\/macblog.mcmaster.ca\/fryeblog\/wp-content\/uploads\/sites\/4\/2010\/04\/AC.pdf\">Anatomy of Criticism (pdf)<\/a><\/li>\n<li><a href=\"http:\/\/macblog.mcmaster.ca\/fryeblog\/wp-content\/uploads\/sites\/4\/2010\/04\/CR.pdf\">Creation and Recreation (pdf)<\/a><\/li>\n<li><a href=\"http:\/\/macblog.mcmaster.ca\/fryeblog\/wp-content\/uploads\/sites\/4\/2010\/04\/EI.pdf\">The Educated Imagination (pdf)<\/a><\/li>\n<li><a href=\"http:\/\/macblog.mcmaster.ca\/fryeblog\/wp-content\/uploads\/sites\/4\/2010\/04\/FI.pdf\">Fables of Identity (pdf)<\/a><\/li>\n<li><a href=\"http:\/\/macblog.mcmaster.ca\/fryeblog\/wp-content\/uploads\/sites\/4\/2010\/04\/FS.pdf\">Fearful Symmetry (pdf)<\/a><\/li>\n<li><a href=\"http:\/\/macblog.mcmaster.ca\/fryeblog\/wp-content\/uploads\/sites\/4\/2010\/04\/FT.pdf\">Fools of Time (pdf)<\/a><\/li>\n<li><a href=\"http:\/\/macblog.mcmaster.ca\/fryeblog\/wp-content\/uploads\/sites\/4\/2010\/04\/GC.pdf\">The Great Code (pdf)<\/a><\/li>\n<li><a href=\"http:\/\/macblog.mcmaster.ca\/fryeblog\/wp-content\/uploads\/sites\/4\/2010\/04\/MC.pdf\">The Modern Century (pdf)<\/a><\/li>\n<li><a href=\"http:\/\/macblog.mcmaster.ca\/fryeblog\/wp-content\/uploads\/sites\/4\/2010\/04\/NFCL.pdf\">Northrop Frye on Culture and Literature (pdf)<\/a><\/li>\n<li><a href=\"http:\/\/macblog.mcmaster.ca\/fryeblog\/wp-content\/uploads\/sites\/4\/2010\/04\/NFS.pdf\">Northrop Frye on Shakespeare (pdf)<\/a><\/li>\n<li><a href=\"http:\/\/macblog.mcmaster.ca\/fryeblog\/wp-content\/uploads\/sites\/4\/2010\/04\/NP.pdf\">A Natural Perspective (pdf)<\/a><\/li>\n<li><a href=\"http:\/\/macblog.mcmaster.ca\/fryeblog\/wp-content\/uploads\/sites\/4\/2010\/04\/RE.pdf\">The Return of Eden (pdf)<\/a><\/li>\n<li><a href=\"http:\/\/macblog.mcmaster.ca\/fryeblog\/wp-content\/uploads\/sites\/4\/2010\/04\/SER.pdf\">A Study of English Romanticism (pdf)<\/a><\/li>\n<li><a href=\"http:\/\/macblog.mcmaster.ca\/fryeblog\/wp-content\/uploads\/sites\/4\/2010\/04\/SeS.pdf\">The Secular Scripture (pdf)<\/a><\/li>\n<li><a href=\"http:\/\/macblog.mcmaster.ca\/fryeblog\/wp-content\/uploads\/sites\/4\/2010\/04\/SM.pdf\">Spiritus Mundi (pdf)<\/a><\/li>\n<li><a href=\"http:\/\/macblog.mcmaster.ca\/fryeblog\/wp-content\/uploads\/sites\/4\/2010\/04\/StS.pdf\">The Stubborn Structure (pdf)<\/a><\/li>\n<li><a href=\"http:\/\/macblog.mcmaster.ca\/fryeblog\/wp-content\/uploads\/sites\/4\/2010\/04\/WP.pdf\">Words with Power (pdf)<\/a><\/li>\n<li><a href=\"http:\/\/macblog.mcmaster.ca\/fryeblog\/wp-content\/uploads\/sites\/4\/2010\/04\/WTC.pdf\">The Well Tempered Critic (pdf)<\/a><\/li>\n<\/ul>\n<p><strong>Reviews of Books and Journal issues on Northrop Frye<\/strong><\/p>\n<ul>\n<li><a href=\"http:\/\/fryeblog.blog.lib.mcmaster.ca\/2012\/07\/10\/review-of-the-university-of-toronto-quarterlys-special-issue-on-frye\/\">Review of the University of Toronto Quarterly\u2019s Special Issue on Frye <\/a><\/li>\n<\/ul>\n<p><strong>Robert Denham&#8217;s Introductions to Editions of the <em>Collected Works<\/em><\/strong><\/p>\n<ul>\n<li><a href=\"http:\/\/fryeblog.blog.lib.mcmaster.ca\/denham-intro-cw-1-2-frye-kemp-correspondence\/\" target=\"_blank\">Introduction to CW 1-2, Frye-Kemp Correspondence<\/a> (posted 5 January 2010)<\/li>\n<li><a href=\"http:\/\/fryeblog.blog.lib.mcmaster.ca\/denham-intro-cw-3-student-essays\/\" target=\"_blank\">Introduction to CW 3, Student Essays<\/a> (posted 5 January 2010)<\/li>\n<li><a href=\"http:\/\/fryeblog.blog.lib.mcmaster.ca\/denham-intro-cw-5-6-late-notebooks\/\" target=\"_blank\">Introduction to CW 5-6, Late Notebooks<\/a> (posted 5 January 2010)<\/li>\n<li><a href=\"http:\/\/fryeblog.blog.lib.mcmaster.ca\/denham-intro-cw-8-diaries\/\" target=\"_blank\">Introduction to CW 8, Diaries<\/a> (posted 5 January 2010)<\/li>\n<li><a href=\"http:\/\/fryeblog.blog.lib.mcmaster.ca\/denham-outline-cw-10-literature-and-society\/\" target=\"_blank\">Introduction to CW 10, Literature and Society<\/a> (posted 5 January 2010)<\/li>\n<li><a href=\"http:\/\/fryeblog.blog.lib.mcmaster.ca\/denham-intro-cw-13-bible-notebooks\/\" target=\"_blank\">Introduction to CW 13, Bible Notebooks<\/a> (posted 5 January 2010)<\/li>\n<li><a href=\"http:\/\/fryeblog.blog.lib.mcmaster.ca\/denham-intro-cw-22-anatomy\/\" target=\"_blank\">Introduction CW 22, Anatomy of Criticism<\/a> (posted 5 January 2010)<\/li>\n<li><a href=\"http:\/\/fryeblog.blog.lib.mcmaster.ca\/denham-intro-cw-23-anatomy-notebooks\/\" target=\"_blank\">Introduction CW 23, Anatomy Notebooks<\/a> (posted 5 January 2010)<\/li>\n<li><a href=\"http:\/\/fryeblog.blog.lib.mcmaster.ca\/denham-intro-cw-25-fiction-and-miscellaneous-writings\/\" target=\"_blank\">Introduction to CW 25, Fictional and Miscellaneous Writings<\/a> (posted 5 January 2010)<\/li>\n<\/ul>\n<p><strong>Study Guides &amp; Summaries <\/strong><\/p>\n<ul>\n<li><a href=\"http:\/\/fryeblog.blog.lib.mcmaster.ca\/tom-willards-study-guide-to-the-educated-imagination\/\" target=\"_blank\">Study Guide for <em>The Educated Imagination<\/em><\/a>, Tom Willard (posted 20 December 2009)<\/li>\n<li><a href=\"http:\/\/fryeblog.blog.lib.mcmaster.ca\/some-notes-and-questions-on-the-educated-imagination-robert-d-denham\/\" target=\"_blank\">Some Notes and Questions on <em>The Educated Imagination<\/em><\/a>, Bob Denham (posted 21 December 2009)<\/li>\n<li><a href=\"http:\/\/fryeblog.blog.lib.mcmaster.ca\/joseph-adamsons-summary-of-the-secular-scripture\/\" target=\"_blank\">Summary of <em>The Secular Scripture<\/em><\/a>, Joe Adamson (posted 20 December 2009)<\/li>\n<li><a href=\"http:\/\/fryeblog.blog.lib.mcmaster.ca\/an-outline-of-the-expanding-world-of-metaphor\/\" target=\"_blank\">Frye on Metaphor: An Outline of &#8220;The Expanding World of Metaphor&#8221;<\/a>, Bob Denham (posted 25 December 2009)<\/li>\n<li><a href=\"http:\/\/fryeblog.blog.lib.mcmaster.ca\/outline-for-the-double-vision\/\" target=\"_blank\">An Outline of <em>The Double Vision<\/em><\/a>, Bob Denham (posted 25 December 2009)<\/li>\n<li>Clayton Chrusch&#8217;s <a href=\"http:\/\/fryeblog.blog.lib.mcmaster.ca\/2009\/10\/06\/a-summary-of-fearful-symmetry-chapter-one\/\">summary<\/a> of <em>Fearful Symmetry<\/em> Chapter 1<\/li>\n<li>Clayton Chrusch&#8217;s <a href=\"http:\/\/fryeblog.blog.lib.mcmaster.ca\/2009\/10\/13\/summary-of-chapter-two-of-fearful-symmetry-the-rising-god\/\">summary<\/a> of <em>Fearful Symmetry<\/em> Chapter 2<\/li>\n<li>Clayton Chrusch&#8217;s <a href=\"http:\/\/fryeblog.blog.lib.mcmaster.ca\/2009\/10\/20\/summary-of-chapter-three-of-fearful-symmetry-beyond-good-and-evil\/\">summary<\/a> of <em>Fearful Symmetry<\/em> Chapter 3<\/li>\n<li>Clayton Chrusch&#8217;s <a href=\"http:\/\/fryeblog.blog.lib.mcmaster.ca\/2009\/10\/26\/summary-of-chapter-four-of-fearful-symmetry-a-literalist-of-the-imagination\/\">summary<\/a> of <em>Fearful Symmetry<\/em> Chapter 4<\/li>\n<li>Clayton Chrusch&#8217;s <a href=\"http:\/\/fryeblog.blog.lib.mcmaster.ca\/2009\/11\/03\/fearful-symmetry-chapter-five-the-word-within-the-word\/\">summary<\/a> of <em>Fearful Symmetry<\/em> Chapter 5<\/li>\n<li>More to Come<\/li>\n<\/ul>\n<p><strong>Papers and Lectures About Frye<\/strong><\/p>\n<ul>\n<li><a href=\"http:\/\/fryeblog.blog.lib.mcmaster.ca\/who-is-this-guy-frye\/\" target=\"_blank\">Who Is This Guy Frye?<\/a> Delivered to Victoria College Students, by Bob Denham (posted 28 January 2010)<\/li>\n<li><a href=\"http:\/\/fryeblog.blog.lib.mcmaster.ca\/the-significance-of-beyond-in-fryes-visionary-poetics\/\" target=\"_blank\">The Significance of &#8220;Beyond&#8221; in Frye&#8217;s Visionary Poetics<\/a>. Delivered at Victoria College, January 2005, by Bob Denham (posted 28 January 2010)<\/li>\n<li><a href=\"http:\/\/fryeblog.blog.lib.mcmaster.ca\/frye-and-critical-practice-against-the-grain\/\" target=\"_blank\">Frye and Practical Criticism: Against the Grain<\/a>, Delivered at Western Washington University, by Robert D. Denham (posted 6 March 2010)<\/li>\n<li><a href=\"http:\/\/fryeblog.blog.lib.mcmaster.ca\/northrop-frye-in-the-elementary-classroom\/\" target=\"_blank\">Northrop Frye in the Elementary Classroom<\/a>, Presented at the Canadian Literature Symposium on Northrop Frye, by Glenna Sloan (posted 28 March 2010)<\/li>\n<li><a href=\"http:\/\/fryeblog.blog.lib.mcmaster.ca\/2011\/10\/30\/peter-pasztor-translating-frye-into-hungarian\/\">Translating into Hungarian<\/a>,\u00a0Paper read at the conference \u2018Canada in Eight Tongues\u2019 organized by the Central European Association for Canadian Studies and E\u00f6tv\u00f6s Lor\u00e1nd University, Budapest, October 21-22, 2011, by P\u00e9ter P\u00e1sztor<\/li>\n<li><a href=\"http:\/\/fryeblog.blog.lib.mcmaster.ca\/2012\/07\/16\/northrop-frye-and-public-libraries\/\">Northrop Frye and Public Libraries<\/a>, presented by Robert D. Denham at Moncton Public Library, Moncton, New Brunswick, 13 July 2012<\/li>\n<li><a href=\"http:\/\/fryeblog.blog.lib.mcmaster.ca\/2012\/06\/20\/whats-a-meta-for\/\">What&#8217;s a Meta for?<\/a>, The Reynolds Lecture for 2012, presented at Emory &amp; Henry College by Robert D. Denham, 28 March 2012<\/li>\n<li><a title=\"Frye and Colin Still\" href=\"http:\/\/fryeblog.blog.lib.mcmaster.ca\/2013\/01\/30\/frye-and-colin-still\/\">Frye and Colin Still<\/a>,\u00a0 paper delivered at \u201cEducating the Imagination: A Conference in Honour of Northrop Frye on the Centenary of His Birth,\u201d by Robert D. Denham, October 4th \u2013 6th 2012, Victoria University in the University of Toronto.<\/li>\n<li><a href=\"http:\/\/fryeblog.blog.lib.mcmaster.ca\/2013\/02\/05\/the-paradisal-pole-a-frygean-perspective-on-european-irony\/\">The Paradisal Pole: A Frygean Perspective on European Irony<\/a><em>, <\/em>presented at the international Frye-conference in Budapest (\u201cNorthrop Frye: 100 \u2014 A Danubian Perspective,\u201d September 7-8, Budapest), by S\u00e1ra T\u00f3th.<em><strong><strong><br \/>\n<\/strong><\/strong><\/em><\/li>\n<\/ul>\n<p><strong>Audio, Video and Various Images of Frye<\/strong><\/p>\n<ul>\n<li><a href=\"http:\/\/fryeblog.blog.lib.mcmaster.ca\/images-of-northrop-frye\/\">Images of Northrop Frye<\/a>, collected by Bob Denham (posted 1 March 2010)<\/li>\n<li>More to Come<\/li>\n<\/ul>\n<p><strong>Norrie Stories<\/strong><\/p>\n<ul>\n<li><a href=\"http:\/\/fryeblog.blog.lib.mcmaster.ca\/holly-down-on-the-fryes\/\" target=\"_blank\">Holly Down<\/a> (posted 25 December 2009)<\/li>\n<li><a href=\"http:\/\/fryeblog.blog.lib.mcmaster.ca\/margaret-atwood\/\" target=\"_blank\">Margaret Atwood<\/a> (posted 25 December 2009)<\/li>\n<li>More to Come<\/li>\n<\/ul>\n<p><strong>The Complete Bob Denham Doggerel on Frye <\/strong><\/p>\n<ul>\n<li><a href=\"http:\/\/fryeblog.blog.lib.mcmaster.ca\/frye-doggerel\/\" target=\"_blank\">Frye Doggerel<\/a> (posted 25 December 2009)<\/li>\n<\/ul>\n<p><strong>Miscelleneous Compilations <\/strong><\/p>\n<ul>\n<li><a href=\"http:\/\/fryeblog.blog.lib.mcmaster.ca\/frygeana\/\" target=\"_blank\">Frygiana<\/a>, compiled by Bob Denham (posted 25 December 2009)<\/li>\n<li><a href=\"http:\/\/fryeblog.blog.lib.mcmaster.ca\/adjectives-for-frye\/\" target=\"_blank\">Adjectives for &#8220;Frye&#8221;<\/a>, Bob Denham (posted 25 December 2009)<\/li>\n<li><a href=\"http:\/\/fryeblog.blog.lib.mcmaster.ca\/poems-about-frye\/\" target=\"_blank\">Selected Poems About Frye<\/a>, compiled by Bob Denham (posted 25 December 2009)<\/li>\n<li><a href=\"http:\/\/fryeblog.blog.lib.mcmaster.ca\/annotations-in-fryes-books\/\" target=\"_blank\">Annotations in Frye&#8217;s Books<\/a>, Bob Denham (posted 25 December 2009)<\/li>\n<li><a href=\"http:\/\/fryeblog.blog.lib.mcmaster.ca\/thou-art-that-woollylamb-hormone-northcote-fricassee-and-chap-named-denim-2\/\" target=\"_blank\">Thou Art That: Woollylamb Hormone, Northcote Fricassee, and Chap Named Denim<\/a>, compiled by Bob Denham (posted 8 March 2010)<\/li>\n<li><a href=\"http:\/\/fryeblog.blog.lib.mcmaster.ca\/frye-on-bardo\/\" target=\"_blank\">Frye on Bardo<\/a>, compiled by Bob Denham (posted 25 July 2010)<\/li>\n<li><a href=\"http:\/\/fryeblog.blog.lib.mcmaster.ca\/frye-on-chess\/\" target=\"_blank\">Frye on Chess<\/a>, compiled by Bob Denham (posted 25 July 2010)<\/li>\n<li><a href=\"http:\/\/fryeblog.blog.lib.mcmaster.ca\/frye-on-the-koran-and-islam\/\" target=\"_blank\">Frye on Islam and the Koran<\/a>, compiled by Bob Denham (posted 26 September 2010)<\/li>\n<li><a href=\"http:\/\/fryeblog.blog.lib.mcmaster.ca\/frye-on-islam-and-the-koran-from-the-collected-works-ii-cw\/\" target=\"_blank\">Frye on Islam and the Koran II<\/a>, compiled by Bob Denham (posted 28 May 2011)<\/li>\n<li><a href=\"http:\/\/fryeblog.blog.lib.mcmaster.ca\/a-little-chrestomathy-of-frye-on-sci%E2%80%93fi\/\" target=\"_blank\">A Little Chrestomathy of Frye on Sci-Fi<\/a>, compiled by Bob Denham (posted 11 October 2010)<\/li>\n<li><a href=\"http:\/\/fryeblog.blog.lib.mcmaster.ca\/frye-in-chinese\/\" target=\"_blank\">Frye in Chinese<\/a>, compiled by Bob Denham (posted 16 October 2010)<\/li>\n<li><a href=\"http:\/\/fryeblog.blog.lib.mcmaster.ca\/is-northrop-frye-a-sun-myth\/\" target=\"_blank\">Is Northrop Frye a Sun-Myth?<\/a> transcribed by Bob Denham (posted 9 December 2010)<\/li>\n<li><a href=\"http:\/\/fryeblog.blog.lib.mcmaster.ca\/frye-and-the-movies\/\" target=\"_blank\">Frye and the Movies<\/a>, compiled by Bob Denham (posted 11 December 2010)<\/li>\n<\/ul>\n<p><strong>Student Essays About or Involving Frye<\/strong><\/p>\n<ul>\n<li>Coming Soon<\/li>\n<\/ul>\n","protected":false},"excerpt":{"rendered":"<p>Please note that both the Robert D. Denham Library and our journal are currently being converted to PDF format, a project we hope to complete soon. In the meantime, all articles posted here can be converted by you into downloaded PDF documents. See that \u201cMake a PDF\u201d link above? You\u2019ll find that same link just [&hellip;]<\/p>\n","protected":false},"author":24,"featured_media":0,"parent":0,"menu_order":0,"comment_status":"open","ping_status":"open","template":"","meta":{"_monsterinsights_skip_tracking":false,"_monsterinsights_sitenote_active":false,"_monsterinsights_sitenote_note":"","_monsterinsights_sitenote_category":0,"footnotes":"","_links_to":"","_links_to_target":""},"class_list":["post-6147","page","type-page","status-publish","hentry"],"yoast_head":"<!-- This site is optimized with the Yoast SEO plugin v27.2 - https:\/\/yoast.com\/product\/yoast-seo-wordpress\/ -->\n<title>The Robert D. Denham Library - The Educated Imagination<\/title>\n<meta name=\"robots\" content=\"index, follow, max-snippet:-1, max-image-preview:large, max-video-preview:-1\" \/>\n<link rel=\"canonical\" href=\"https:\/\/macblog.mcmaster.ca\/fryeblog\/library\/\" \/>\n<meta property=\"og:locale\" content=\"en_US\" \/>\n<meta property=\"og:type\" content=\"article\" \/>\n<meta property=\"og:title\" content=\"The Robert D. Denham Library - The Educated Imagination\" \/>\n<meta property=\"og:description\" content=\"Please note that both the Robert D. Denham Library and our journal are currently being converted to PDF format, a project we hope to complete soon. In the meantime, all articles posted here can be converted by you into downloaded PDF documents. See that \u201cMake a PDF\u201d link above? You\u2019ll find that same link just [&hellip;]\" \/>\n<meta property=\"og:url\" content=\"https:\/\/macblog.mcmaster.ca\/fryeblog\/library\/\" \/>\n<meta property=\"og:site_name\" content=\"The Educated Imagination\" \/>\n<meta property=\"article:modified_time\" content=\"2016-04-02T19:51:20+00:00\" \/>\n<meta name=\"twitter:card\" content=\"summary_large_image\" \/>\n<meta name=\"twitter:label1\" content=\"Est. reading time\" \/>\n\t<meta name=\"twitter:data1\" content=\"5 minutes\" \/>\n<script type=\"application\/ld+json\" class=\"yoast-schema-graph\">{\"@context\":\"https:\/\/schema.org\",\"@graph\":[{\"@type\":\"WebPage\",\"@id\":\"https:\/\/macblog.mcmaster.ca\/fryeblog\/library\/\",\"url\":\"https:\/\/macblog.mcmaster.ca\/fryeblog\/library\/\",\"name\":\"The Robert D. Denham Library - The Educated Imagination\",\"isPartOf\":{\"@id\":\"https:\/\/macblog.mcmaster.ca\/fryeblog\/#website\"},\"datePublished\":\"2009-12-18T19:57:01+00:00\",\"dateModified\":\"2016-04-02T19:51:20+00:00\",\"breadcrumb\":{\"@id\":\"https:\/\/macblog.mcmaster.ca\/fryeblog\/library\/#breadcrumb\"},\"inLanguage\":\"en-US\",\"potentialAction\":[{\"@type\":\"ReadAction\",\"target\":[\"https:\/\/macblog.mcmaster.ca\/fryeblog\/library\/\"]}]},{\"@type\":\"BreadcrumbList\",\"@id\":\"https:\/\/macblog.mcmaster.ca\/fryeblog\/library\/#breadcrumb\",\"itemListElement\":[{\"@type\":\"ListItem\",\"position\":1,\"name\":\"Home\",\"item\":\"https:\/\/macblog.mcmaster.ca\/fryeblog\/\"},{\"@type\":\"ListItem\",\"position\":2,\"name\":\"The Robert D. Denham Library\"}]},{\"@type\":\"WebSite\",\"@id\":\"https:\/\/macblog.mcmaster.ca\/fryeblog\/#website\",\"url\":\"https:\/\/macblog.mcmaster.ca\/fryeblog\/\",\"name\":\"The Educated Imagination\",\"description\":\"A Website Dedicated to Northrop Frye\",\"potentialAction\":[{\"@type\":\"SearchAction\",\"target\":{\"@type\":\"EntryPoint\",\"urlTemplate\":\"https:\/\/macblog.mcmaster.ca\/fryeblog\/?s={search_term_string}\"},\"query-input\":{\"@type\":\"PropertyValueSpecification\",\"valueRequired\":true,\"valueName\":\"search_term_string\"}}],\"inLanguage\":\"en-US\"}]}<\/script>\n<!-- \/ Yoast SEO plugin. -->","yoast_head_json":{"title":"The Robert D. Denham Library - The Educated Imagination","robots":{"index":"index","follow":"follow","max-snippet":"max-snippet:-1","max-image-preview":"max-image-preview:large","max-video-preview":"max-video-preview:-1"},"canonical":"https:\/\/macblog.mcmaster.ca\/fryeblog\/library\/","og_locale":"en_US","og_type":"article","og_title":"The Robert D. Denham Library - The Educated Imagination","og_description":"Please note that both the Robert D. Denham Library and our journal are currently being converted to PDF format, a project we hope to complete soon. In the meantime, all articles posted here can be converted by you into downloaded PDF documents. See that \u201cMake a PDF\u201d link above? You\u2019ll find that same link just [&hellip;]","og_url":"https:\/\/macblog.mcmaster.ca\/fryeblog\/library\/","og_site_name":"The Educated Imagination","article_modified_time":"2016-04-02T19:51:20+00:00","twitter_card":"summary_large_image","twitter_misc":{"Est. reading time":"5 minutes"},"schema":{"@context":"https:\/\/schema.org","@graph":[{"@type":"WebPage","@id":"https:\/\/macblog.mcmaster.ca\/fryeblog\/library\/","url":"https:\/\/macblog.mcmaster.ca\/fryeblog\/library\/","name":"The Robert D. Denham Library - The Educated Imagination","isPartOf":{"@id":"https:\/\/macblog.mcmaster.ca\/fryeblog\/#website"},"datePublished":"2009-12-18T19:57:01+00:00","dateModified":"2016-04-02T19:51:20+00:00","breadcrumb":{"@id":"https:\/\/macblog.mcmaster.ca\/fryeblog\/library\/#breadcrumb"},"inLanguage":"en-US","potentialAction":[{"@type":"ReadAction","target":["https:\/\/macblog.mcmaster.ca\/fryeblog\/library\/"]}]},{"@type":"BreadcrumbList","@id":"https:\/\/macblog.mcmaster.ca\/fryeblog\/library\/#breadcrumb","itemListElement":[{"@type":"ListItem","position":1,"name":"Home","item":"https:\/\/macblog.mcmaster.ca\/fryeblog\/"},{"@type":"ListItem","position":2,"name":"The Robert D. Denham Library"}]},{"@type":"WebSite","@id":"https:\/\/macblog.mcmaster.ca\/fryeblog\/#website","url":"https:\/\/macblog.mcmaster.ca\/fryeblog\/","name":"The Educated Imagination","description":"A Website Dedicated to Northrop Frye","potentialAction":[{"@type":"SearchAction","target":{"@type":"EntryPoint","urlTemplate":"https:\/\/macblog.mcmaster.ca\/fryeblog\/?s={search_term_string}"},"query-input":{"@type":"PropertyValueSpecification","valueRequired":true,"valueName":"search_term_string"}}],"inLanguage":"en-US"}]}},"jetpack_sharing_enabled":true,"_links":{"self":[{"href":"https:\/\/macblog.mcmaster.ca\/fryeblog\/wp-json\/wp\/v2\/pages\/6147","targetHints":{"allow":["GET"]}}],"collection":[{"href":"https:\/\/macblog.mcmaster.ca\/fryeblog\/wp-json\/wp\/v2\/pages"}],"about":[{"href":"https:\/\/macblog.mcmaster.ca\/fryeblog\/wp-json\/wp\/v2\/types\/page"}],"author":[{"embeddable":true,"href":"https:\/\/macblog.mcmaster.ca\/fryeblog\/wp-json\/wp\/v2\/users\/24"}],"replies":[{"embeddable":true,"href":"https:\/\/macblog.mcmaster.ca\/fryeblog\/wp-json\/wp\/v2\/comments?post=6147"}],"version-history":[{"count":2,"href":"https:\/\/macblog.mcmaster.ca\/fryeblog\/wp-json\/wp\/v2\/pages\/6147\/revisions"}],"predecessor-version":[{"id":31556,"href":"https:\/\/macblog.mcmaster.ca\/fryeblog\/wp-json\/wp\/v2\/pages\/6147\/revisions\/31556"}],"wp:attachment":[{"href":"https:\/\/macblog.mcmaster.ca\/fryeblog\/wp-json\/wp\/v2\/media?parent=6147"}],"curies":[{"name":"wp","href":"https:\/\/api.w.org\/{rel}","templated":true}]}}